{"id":6,"date":"2023-11-01T13:11:42","date_gmt":"2023-11-01T13:11:42","guid":{"rendered":"https:\/\/www.woodatomic.com\/?page_id=6"},"modified":"2023-12-27T21:23:14","modified_gmt":"2023-12-27T19:23:14","slug":"wood-atomic-oy","status":"publish","type":"page","link":"https:\/\/www.woodatomic.com\/","title":{"rendered":"Wood Atomic Oy"},"content":{"rendered":"\n<p>Startup-yritys Wood Atomic Oy kehitt\u00e4\u00e4 edistynytt\u00e4<br>rakennuselementtiperhett\u00e4, jossa on puuydin. Ulko- ja v\u00e4liseinien sek\u00e4<br>v\u00e4lipohjien kantavana rakenteena on LVL-levy eli kertopuu.<br><br>Elementeiss\u00e4 on pitk\u00e4lle viety valmiusaste n\u00e4kyvine pintoineen ja<br>talotekniikoineen sek\u00e4 lujat ja nopeat kiinnitystavat. Mitoitus on<br>joustavaa.<br><br>K\u00e4ytt\u00f6kohteina elementeille ovat kerrostalot, toimistorakennukset,<br>pientalot, julkinen rakentaminen yms.<br><br>Elementtien liitosratkaisut mahdollistavat rakennuksen kokoamisen<br>joutuisasti pienell\u00e4 asentajam\u00e4\u00e4r\u00e4ll\u00e4. Yleisell\u00e4 tasolla ty\u00f6maan<br>henkil\u00f6st\u00f6n tarve pienenee todella paljon tuotteen valmiusasteen ja<br>edistyksellisyyden ansiosta.<br><br>Liitokset mahdollistavat my\u00f6s rakennuksen purkamisen siten, ett\u00e4<br>elementit ja liitososat s\u00e4ilyv\u00e4t ehjin\u00e4, jolloin rakennuksen kierr\u00e4tett\u00e4vyys<br>on l\u00e4hes 100% kun se kootaan uudestaan.<br><br>Elementit on suunniteltu laadukasta ja nopeaa teollista tuotantoa silm\u00e4ll\u00e4<br>pit\u00e4en, johon on kehitetty valtavirrasta poikkeava tehdaskonsepti.<br>T\u00e4ll\u00e4 hetkell\u00e4 elementeille on kaksi my\u00f6nnetty\u00e4 patenttia, joiden lis\u00e4ksi<br>meill\u00e4 on t\u00e4ss\u00e4 vaiheessa edellytykset 10-12 uuden patentin hakuun.<br><br>Videolla n\u00e4kyy ulkoseinien ja v\u00e4lipohjien liittyminen toisiinsa sek\u00e4 miten<br>parvekkeen pohja muodostuu yksinkertaisesti pident\u00e4m\u00e4ll\u00e4 v\u00e4lipohjaelementti\u00e4 parvekkeen syvyyden verran.<\/p>\n\n\n\n<figure class=\"wp-block-embed is-type-video is-provider-youtube wp-block-embed-youtube wp-embed-aspect-16-9 wp-has-aspect-ratio\"><div class=\"wp-block-embed__wrapper\">\n<iframe loading=\"lazy\" title=\"Ulkosein\u00e4n ja v\u00e4lipohjan liittyminen\" width=\"500\" height=\"281\" src=\"https:\/\/www.youtube.com\/embed\/iwH9f1lL8ps?feature=oembed\" frameborder=\"0\" allow=\"accelerometer; autoplay; clipboard-write; encrypted-media; gyroscope; picture-in-picture; web-share\" allowfullscreen><\/iframe>\n<\/div><\/figure>\n\n\n\n<p>Lis\u00e4tiedot<br>Reijo Taipale | +358 400 375 054 | woodatomic@gmail.com | <a href=\"http:\/\/woodatomic.com\" target=\"_blank\" rel=\"noreferrer noopener\">woodatomic.com<\/a><\/p>\n","protected":false},"excerpt":{"rendered":"<p>Startup-yritys Wood Atomic Oy kehitt\u00e4\u00e4 edistynytt\u00e4rakennuselementtiperhett\u00e4, jossa on puuydin. Ulko- ja v\u00e4liseinien sek\u00e4v\u00e4lipohjien kantavana rakenteena on LVL-levy eli kertopuu. Elementeiss\u00e4 on pitk\u00e4lle viety valmiusaste n\u00e4kyvine pintoineen jatalotekniikoineen sek\u00e4 lujat ja nopeat kiinnitystavat. Mitoitus onjoustavaa. K\u00e4ytt\u00f6kohteina elementeille ovat kerrostalot, toimistorakennukset,pientalot, julkinen rakentaminen yms. Elementtien liitosratkaisut mahdollistavat rakennuksen kokoamisenjoutuisasti pienell\u00e4 asentajam\u00e4\u00e4r\u00e4ll\u00e4. Yleisell\u00e4 tasolla ty\u00f6maanhenkil\u00f6st\u00f6n tarve pienenee todella [&hellip;]<\/p>\n","protected":false},"author":1,"featured_media":0,"parent":0,"menu_order":0,"comment_status":"closed","ping_status":"closed","template":"","meta":{"om_disable_all_campaigns":false,"_monsterinsights_skip_tracking":false,"_monsterinsights_sitenote_active":false,"_monsterinsights_sitenote_note":"","_monsterinsights_sitenote_category":0,"footnotes":""},"aioseo_notices":[],"_links":{"self":[{"href":"https:\/\/www.woodatomic.com\/index.php\/wp-json\/wp\/v2\/pages\/6"}],"collection":[{"href":"https:\/\/www.woodatomic.com\/index.php\/wp-json\/wp\/v2\/pages"}],"about":[{"href":"https:\/\/www.woodatomic.com\/index.php\/wp-json\/wp\/v2\/types\/page"}],"author":[{"embeddable":true,"href":"https:\/\/www.woodatomic.com\/index.php\/wp-json\/wp\/v2\/users\/1"}],"replies":[{"embeddable":true,"href":"https:\/\/www.woodatomic.com\/index.php\/wp-json\/wp\/v2\/comments?post=6"}],"version-history":[{"count":10,"href":"https:\/\/www.woodatomic.com\/index.php\/wp-json\/wp\/v2\/pages\/6\/revisions"}],"predecessor-version":[{"id":34,"href":"https:\/\/www.woodatomic.com\/index.php\/wp-json\/wp\/v2\/pages\/6\/revisions\/34"}],"wp:attachment":[{"href":"https:\/\/www.woodatomic.com\/index.php\/wp-json\/wp\/v2\/media?parent=6"}],"curies":[{"name":"wp","href":"https:\/\/api.w.org\/{rel}","templated":true}]}}